{"id":1333,"date":"2025-05-12T14:48:02","date_gmt":"2025-05-12T12:48:02","guid":{"rendered":"https:\/\/www.cru-unipol.it\/crearee\/?page_id=1333"},"modified":"2025-05-12T15:38:42","modified_gmt":"2025-05-12T13:38:42","slug":"progetto","status":"publish","type":"page","link":"https:\/\/www.cru-unipol.it\/crearee\/progetto\/","title":{"rendered":"Progetto"},"content":{"rendered":"<p>[vc_row][vc_column width=&#8221;1\/2&#8243;][vc_column_text]<\/p>\n<h2>Genesi del progetto<\/h2>\n<p>[\/vc_column_text][\/vc_column][vc_column width=&#8221;1\/2&#8243;][\/vc_column][\/vc_row][vc_row][vc_column width=&#8221;1\/1&#8243;][vc_column_text]<img decoding=\"async\" class=\"alignnone size-full wp-image-57\" src=\"http:\/\/www.cru-unipol.it\/crearee\/wp-content\/uploads\/2021\/04\/divider-1.png\" alt=\"\" width=\"60\" height=\"15\" \/><\/p>\n<p><span style=\"font-weight: 400;\">Il progetto\u00a0<\/span><b>CreAree<\/b><span style=\"font-weight: 400;\">, promosso dai\u00a0<\/span><b>CRU Unipol<\/b><span style=\"font-weight: 400;\">, \u00e8 nato con l\u2019obiettivo generale di costruire un percorso orientato alla formalizzazione di un\u00a0<\/span><b>metodo di lavoro<\/b><span style=\"font-weight: 400;\">\u00a0utile alle amministrazioni locali e alle comunit\u00e0 territoriali, per supportarle nella definizione e nella realizzazione delle progettualit\u00e0 esistenti o latenti nei territori delle\u00a0<\/span><b>aree interne<\/b><span style=\"font-weight: 400;\">.\u00a0<\/span><\/p>\n<p><span style=\"font-weight: 400;\">Nel corso del tempo, il progetto si \u00e8 concretizzato in una serie di\u00a0<\/span><b>azioni<\/b><span style=\"font-weight: 400;\">, sia\u00a0<\/span><b>locali<\/b><span style=\"font-weight: 400;\">\u00a0che\u00a0<\/span><b>trasversali<\/b><span style=\"font-weight: 400;\">, tra loro fortemente interconnesse. Tali azioni sono state sviluppate da\u00a0<\/span><b>gruppi di lavoro<\/b><span style=\"font-weight: 400;\">\u00a0composti da professionalit\u00e0 individuate dalle organizzazioni aderenti, con l\u2019obiettivo di costruire veri e propri\u00a0<\/span><b>Masterplan di sviluppo territoriale<\/b><span style=\"font-weight: 400;\">.<\/span><\/p>\n<p><span style=\"font-weight: 400;\">La volont\u00e0 \u00e8 stata quella di dotare gli\u00a0<\/span><b>enti locali<\/b><span style=\"font-weight: 400;\">\u00a0e le relative\u00a0<\/span><b>comunit\u00e0<\/b><span style=\"font-weight: 400;\">\u00a0di una\u00a0<\/span><b>strategia operativa<\/b><span style=\"font-weight: 400;\">\u00a0per disegnare traiettorie di sviluppo di medio periodo, mettendo a fuoco obiettivi generali e specifici e pianificandoli sotto il profilo economico-finanziario. <\/span><\/p>\n<p><span style=\"font-weight: 400;\">Centrale in questo percorso \u00e8 stato ed \u00e8 tuttora il coinvolgimento del\u00a0<\/span><b>Terzo Settore<\/b><span style=\"font-weight: 400;\">, attraverso pratiche di\u00a0<\/span><b>co-programmazione<\/b><span style=\"font-weight: 400;\">\u00a0e\u00a0<\/span><b>co-progettazione<\/b><span style=\"font-weight: 400;\">, per rafforzare il rapporto di collaborazione tra pubblico e privato sociale.<\/span><\/p>\n<p><span style=\"font-weight: 400;\">Le azioni sviluppate si sono rivelate coerenti con la realizzazione dei\u00a0<\/span><b>17 Obiettivi di Sviluppo Sostenibile<\/b><span style=\"font-weight: 400;\">dell\u2019<\/span><b>Agenda 2030<\/b><span style=\"font-weight: 400;\">, contribuendo cos\u00ec alla costruzione di modelli territoriali inclusivi, resilienti e sostenibili.<\/span>[\/vc_column_text][\/vc_column][\/vc_row][vc_row row_height_percent=&#8221;0&#8243; back_color=&#8221;color-gyho&#8221; overlay_alpha=&#8221;50&#8243; gutter_size=&#8221;3&#8243; column_width_percent=&#8221;100&#8243; shift_y=&#8221;0&#8243; z_index=&#8221;0&#8243;][vc_column width=&#8221;1\/2&#8243;][vc_column_text]<\/p>\n<h2>Le azioni<\/h2>\n<p>[\/vc_column_text][\/vc_column][vc_column width=&#8221;1\/2&#8243;][\/vc_column][\/vc_row][vc_row row_height_percent=&#8221;0&#8243; back_color=&#8221;color-gyho&#8221; overlay_alpha=&#8221;50&#8243; gutter_size=&#8221;3&#8243; column_width_percent=&#8221;100&#8243; shift_y=&#8221;0&#8243; z_index=&#8221;0&#8243;][vc_column width=&#8221;1\/1&#8243;][vc_column_text]Le <strong>azioni trasversali<\/strong> sono <strong>approfondimenti sistemici<\/strong>, identificazione di <strong>buone pratiche<\/strong>, su argomenti ricorrenti nei processi di sviluppo territoriale delle aree interne o fragili.<\/p>\n<p>La <strong>cabina di regia<\/strong> del progetto ha scelto le <strong>cinque azioni<\/strong> oggi allo studio su <strong>stimolo dei territori<\/strong> sui quali CREAREE sta promuovendo <strong>progetti pilota di sviluppo locale.<\/strong><\/p>\n<p><strong>Cinque gruppi di lavoro<\/strong> hanno il compito di <strong>elaborare e formalizzare modelli<\/strong>, anche <strong>personalizzabili<\/strong>, e di renderli <strong>disponibili ai territori<\/strong>.<\/p>\n<p>La volont\u00e0 della cabina di regia \u00e8 quella di dare sostegno a <strong>ulteriori progetti locali<\/strong> individuati dai singoli CRU e di promuovere<strong> nuove azoni trasversali<\/strong>.[\/vc_column_text][\/vc_column][\/vc_row][vc_row row_height_percent=&#8221;0&#8243; back_color=&#8221;color-gyho&#8221; overlay_alpha=&#8221;50&#8243; gutter_size=&#8221;3&#8243; column_width_percent=&#8221;100&#8243; shift_y=&#8221;0&#8243; z_index=&#8221;0&#8243;][vc_column width=&#8221;1\/1&#8243;][vc_row_inner][vc_column_inner width=&#8221;1\/6&#8243;][vc_column_text css=&#8221;.vc_custom_1747053693193{padding-right: 20px !important;padding-left: 20px !important;}&#8221;]<a href=\"http:\/\/www.cru-unipol.it\/crearee\/formazione-digitalizzazione\/\"><img decoding=\"async\" class=\"alignnone wp-image-1342 size-thumbnail\" src=\"https:\/\/www.cru-unipol.it\/crearee\/wp-content\/uploads\/2025\/05\/ico-form-300x248-1-150x150.png\" alt=\"\" width=\"150\" height=\"150\" srcset=\"https:\/\/www.cru-unipol.it\/crearee\/wp-content\/uploads\/2025\/05\/ico-form-300x248-1-150x150.png 150w, https:\/\/www.cru-unipol.it\/crearee\/wp-content\/uploads\/2025\/05\/ico-form-300x248-1.png 300w\" sizes=\"(max-width: 150px) 100vw, 150px\" \/><\/a><\/p>\n<h4><a href=\"http:\/\/www.cru-unipol.it\/crearee\/formazione-digitalizzazione\/\"><span style=\"color: #4182af;\"><strong>Formazione e<\/strong><\/span><strong><span style=\"color: #4182af;\"> Digitalizzazione<\/span><\/strong><\/a><\/h4>\n<p><img decoding=\"async\" class=\"size-full wp-image-52 alignnone\" src=\"http:\/\/www.cru-unipol.it\/crearee\/wp-content\/uploads\/2021\/04\/divider-a.png\" alt=\"\" width=\"60\" height=\"15\" \/>[\/vc_column_text][\/vc_column_inner][vc_column_inner width=&#8221;1\/6&#8243;][vc_column_text css=&#8221;.vc_custom_1747053727395{padding-right: 20px !important;padding-left: 20px !important;}&#8221;]<a href=\"http:\/\/www.cru-unipol.it\/crearee\/immobili-e-altri-asset\/\"><img decoding=\"async\" class=\"alignnone wp-image-1343 size-thumbnail\" src=\"https:\/\/www.cru-unipol.it\/crearee\/wp-content\/uploads\/2025\/05\/ico-imm-300x241-1-150x150.png\" alt=\"\" width=\"150\" height=\"150\" srcset=\"https:\/\/www.cru-unipol.it\/crearee\/wp-content\/uploads\/2025\/05\/ico-imm-300x241-1-150x150.png 150w, https:\/\/www.cru-unipol.it\/crearee\/wp-content\/uploads\/2025\/05\/ico-imm-300x241-1.png 300w\" sizes=\"(max-width: 150px) 100vw, 150px\" \/><\/a><\/p>\n<h4><a href=\"http:\/\/www.cru-unipol.it\/crearee\/immobili-e-altri-asset\/\"><span style=\"color: #cd414b;\"><strong>Immobili e altri Asset<\/strong><\/span><\/a><\/h4>\n<p><img decoding=\"async\" class=\"alignnone wp-image-56 size-full\" src=\"http:\/\/www.cru-unipol.it\/crearee\/wp-content\/uploads\/2021\/04\/divider-r.png\" alt=\"\" width=\"60\" height=\"15\" \/>[\/vc_column_text][\/vc_column_inner][vc_column_inner width=&#8221;1\/6&#8243;][vc_column_text css=&#8221;.vc_custom_1747053748206{padding-right: 20px !important;padding-left: 20px !important;}&#8221;]<a href=\"http:\/\/www.cru-unipol.it\/crearee\/community\/\"><img decoding=\"async\" class=\"alignnone wp-image-1344 size-thumbnail\" src=\"https:\/\/www.cru-unipol.it\/crearee\/wp-content\/uploads\/2025\/05\/ico-comm-300x288-1-150x150.png\" alt=\"\" width=\"150\" height=\"150\" srcset=\"https:\/\/www.cru-unipol.it\/crearee\/wp-content\/uploads\/2025\/05\/ico-comm-300x288-1-150x150.png 150w, https:\/\/www.cru-unipol.it\/crearee\/wp-content\/uploads\/2025\/05\/ico-comm-300x288-1.png 300w\" sizes=\"(max-width: 150px) 100vw, 150px\" \/><\/a><\/p>\n<h4><a href=\"http:\/\/www.cru-unipol.it\/crearee\/community\/\"><span style=\"color: #dcaa0f;\"><strong>Community<\/strong><\/span><\/a><\/h4>\n<p><img decoding=\"async\" class=\"alignnone wp-image-55 size-full\" src=\"http:\/\/www.cru-unipol.it\/crearee\/wp-content\/uploads\/2021\/04\/divider-y.png\" alt=\"\" width=\"60\" height=\"15\" \/>[\/vc_column_text][\/vc_column_inner][vc_column_inner column_width_percent=&#8221;100&#8243; gutter_size=&#8221;3&#8243; overlay_alpha=&#8221;50&#8243; shift_x=&#8221;0&#8243; shift_y=&#8221;0&#8243; shift_y_down=&#8221;0&#8243; z_index=&#8221;0&#8243; medium_width=&#8221;0&#8243; mobile_width=&#8221;0&#8243; width=&#8221;1\/6&#8243;][vc_column_text css=&#8221;.vc_custom_1747053770767{padding-right: 20px !important;padding-left: 20px !important;}&#8221;]<a href=\"http:\/\/www.cru-unipol.it\/crearee\/rapporti-pubblica-amministrazione\/\"><img decoding=\"async\" class=\"alignnone wp-image-1345 size-thumbnail\" src=\"https:\/\/www.cru-unipol.it\/crearee\/wp-content\/uploads\/2025\/05\/ico-rap-300x300-1-150x150.png\" alt=\"\" width=\"150\" height=\"150\" srcset=\"https:\/\/www.cru-unipol.it\/crearee\/wp-content\/uploads\/2025\/05\/ico-rap-300x300-1-150x150.png 150w, https:\/\/www.cru-unipol.it\/crearee\/wp-content\/uploads\/2025\/05\/ico-rap-300x300-1.png 300w\" sizes=\"(max-width: 150px) 100vw, 150px\" \/><\/a><\/p>\n<h4><a href=\"http:\/\/www.cru-unipol.it\/crearee\/rapporti-pubblica-amministrazione\/\"><span style=\"color: #559150;\"><strong>Pubblica amministrazione<\/strong><\/span><\/a><\/h4>\n<p><img decoding=\"async\" class=\"alignnone wp-image-53 size-full\" src=\"http:\/\/www.cru-unipol.it\/crearee\/wp-content\/uploads\/2021\/04\/divider-g.png\" alt=\"\" width=\"60\" height=\"15\" \/>[\/vc_column_text][\/vc_column_inner][vc_column_inner column_width_percent=&#8221;100&#8243; gutter_size=&#8221;3&#8243; overlay_alpha=&#8221;50&#8243; shift_x=&#8221;0&#8243; shift_y=&#8221;0&#8243; shift_y_down=&#8221;0&#8243; z_index=&#8221;0&#8243; medium_width=&#8221;0&#8243; mobile_width=&#8221;0&#8243; width=&#8221;1\/6&#8243;][vc_column_text css=&#8221;.vc_custom_1747053795282{padding-right: 20px !important;padding-left: 20px !important;}&#8221;]<\/p>\n<h4><a href=\"http:\/\/www.cru-unipol.it\/crearee\/mobilita\/\"><span style=\"color: #7d6491;\"><strong data-wp-editing=\"1\"><img decoding=\"async\" class=\"alignnone wp-image-1346 size-thumbnail\" src=\"https:\/\/www.cru-unipol.it\/crearee\/wp-content\/uploads\/2025\/05\/ico-mobilita-150x150.png\" alt=\"\" width=\"150\" height=\"150\" srcset=\"https:\/\/www.cru-unipol.it\/crearee\/wp-content\/uploads\/2025\/05\/ico-mobilita-150x150.png 150w, https:\/\/www.cru-unipol.it\/crearee\/wp-content\/uploads\/2025\/05\/ico-mobilita.png 300w\" sizes=\"(max-width: 150px) 100vw, 150px\" \/>Mobilit\u00e0 Sostenibile<\/strong><\/span><\/a><\/h4>\n<p><img decoding=\"async\" class=\"alignnone wp-image-54 size-full\" src=\"http:\/\/www.cru-unipol.it\/crearee\/wp-content\/uploads\/2021\/04\/divider-v.png\" alt=\"\" width=\"60\" height=\"15\" \/>[\/vc_column_text][\/vc_column_inner][\/vc_row_inner][\/vc_column][\/vc_row][vc_row][vc_column width=&#8221;1\/2&#8243;][vc_empty_space empty_h=&#8221;2&#8243;][vc_column_text css_animation=&#8221;left-t-right&#8221;]<\/p>\n<h2>Progetti pilota<\/h2>\n<p>[\/vc_column_text][\/vc_column][vc_column width=&#8221;1\/2&#8243;][\/vc_column][\/vc_row][vc_row][vc_column width=&#8221;1\/1&#8243;][vc_column_text css_animation=&#8221;left-t-right&#8221;]Il progetto <strong>CreAree<\/strong> ha origine dalle azioni locali su aree interne Snai individuate da Consigli Regionali Unipol. Dalle riflessioni sulle problematiche e le opportunit\u00e0 dei territori osservati \u00e8 nata la volont\u00e0 di procedere a costruire con gli amministratori locali, momenti di condivisione e collaborazione.<\/p>\n<p>&nbsp;<\/p>\n<p>Con la definizione di <strong>CreAree<\/strong> si \u00e8 deciso di evolvere le azioni locali su quelle <strong>Aree Interne<\/strong> in <strong>progetto pilota <\/strong>e di dar vita a <strong>gruppi di lavoro<\/strong> formati da componenti del CRU, da amministratori e tecnici dei comuni appartenenti all\u2019Area Interna e da riferimenti degli stakeholder di CreAree. Ogni gruppo locale \u00e8 presieduto dal <strong>presidente del CRU<\/strong> della regione a cui appartiene l\u2019area selezionata.<\/p>\n<p>I gruppi di lavoro stanno procedendo, per ogni progetto pilota, alla ricognizione dello stato della SNAI e delle linee finanziarie dedicate e alla contestuale costruzione di <strong>master plan di sviluppo territoriali,<\/strong> cercando di mettere in connessione le azioni previste dalla SNAI e le potenzialit\u00e0 del territorio, anche latenti; in questo modo si cerca di dotare gli enti locali e le loro comunit\u00e0 di riferimento di una strategia che consenta loro di disegnare le proprie traiettorie di sviluppo di medio periodo, mettendo a fuoco obiettivi generali e specifici, e di pianificarle dal punto di vista economico e finanziario. <strong>I progetti pilota saranno i luoghi in cui verranno sperimentati i modelli elaborati dalle Azioni Trasversali<\/strong>.[\/vc_column_text][uncode_index el_id=&#8221;index-140554&#8243; isotope_mode=&#8221;cellsByRow&#8221; loop=&#8221;size:3|order_by:date|order:DESC|post_type:post|categories:3|taxonomy_count:10&#8243; gutter_size=&#8221;4&#8243; post_items=&#8221;media|featured|onpost|original,title,text|excerpt,sep-one|full,meta|display-icon&#8221; screen_lg=&#8221;1000&#8243; screen_md=&#8221;600&#8243; screen_sm=&#8221;480&#8243; images_size=&#8221;one-one&#8221; single_overlay_opacity=&#8221;50&#8243; single_h_align=&#8221;justify&#8221; single_padding=&#8221;2&#8243; post_matrix=&#8221;matrix&#8221; lbox_skin=&#8221;white&#8221; order_ids=&#8221;131,127,129,125,1&#8243;][vc_empty_space empty_h=&#8221;2&#8243;][\/vc_column][\/vc_row][vc_row row_height_percent=&#8221;0&#8243; back_color=&#8221;color-gyho&#8221; overlay_alpha=&#8221;50&#8243; gutter_size=&#8221;3&#8243; column_width_percent=&#8221;100&#8243; shift_y=&#8221;0&#8243; z_index=&#8221;0&#8243;][vc_column width=&#8221;1\/2&#8243;][vc_column_text]<\/p>\n<h2>Evoluzione del progetto<\/h2>\n<p>[\/vc_column_text][\/vc_column][vc_column width=&#8221;1\/2&#8243;][\/vc_column][\/vc_row][vc_row row_height_percent=&#8221;0&#8243; back_color=&#8221;color-gyho&#8221; overlay_alpha=&#8221;50&#8243; gutter_size=&#8221;3&#8243; column_width_percent=&#8221;100&#8243; shift_y=&#8221;0&#8243; z_index=&#8221;0&#8243;][vc_column width=&#8221;1\/1&#8243;][vc_column_text]<\/p>\n<p style=\"text-align: left;\">Al momento, la composizione degli aderenti al progetto e alla governance risulta invariata. La cabina di regia \u00e8 stata aggiornata in risposta alle istanze emerse da parte degli stakeholder di progetto.<\/p>\n<p style=\"text-align: left;\">Per quanto riguarda le azioni trasversali, a seguito della conclusione delle missioni dei singoli gruppi di lavoro, tutti i partecipanti sono stati integrati in <strong>un network di progetto unificato<\/strong>, attivabile in presenza di esigenze o opportunit\u00e0 specifiche a livello territoriale.<\/p>\n<p style=\"text-align: left;\">Resta in capo alla cabina di regia la possibilit\u00e0 di <strong>attivare nuovi gruppi di lavoro funzionali<\/strong> allo sviluppo e all\u2019attuazione delle progettualit\u00e0.<\/p>\n<p><span style=\"font-weight: 400;\">Relativamente alle azioni trasversali, a seguito<\/span><i><span style=\"font-weight: 400;\"> della conclusione delle mission di ogni singolo gruppo di lavoro, tutti i partecipanti sono confluiti in un unico \u201cnetwork di progetto\u201d, da attivarsi qualora si rilevino delle esigenze o delle potenzialit\u00e0 sui territori.\u00a0<\/span><\/i><\/p>\n<p><i><span style=\"font-weight: 400;\">La cabina di regia potr\u00e0 richiedere la formazione di nuovi gruppi di lavoro funzionali allo sviluppo delle progettualit\u00e0.<\/span><\/i>[\/vc_column_text][vc_empty_space empty_h=&#8221;2&#8243;][\/vc_column][\/vc_row]<\/p>\n","protected":false},"excerpt":{"rendered":"<p>[vc_row][vc_column width=&#8221;1\/2&#8243;][vc_column_text] Genesi del progetto [\/vc_column_text][\/vc_column][vc_column width=&#8221;1\/2&#8243;][\/vc_column][\/vc_row][vc_row][vc_column width=&#8221;1\/1&#8243;][vc_column_text] Il progetto\u00a0CreAree, promosso dai\u00a0CRU Unipol, \u00e8 nato con l\u2019obiettivo generale di costruire [&hellip;]<\/p>\n","protected":false},"author":4,"featured_media":0,"parent":0,"menu_order":0,"comment_status":"closed","ping_status":"closed","template":"","meta":{"footnotes":""},"class_list":["post-1333","page","type-page","status-publish","hentry"],"yoast_head":"<!-- This site is optimized with the Yoast SEO plugin v19.3 - https:\/\/yoast.com\/wordpress\/plugins\/seo\/ -->\n<title>Progetto - Crearee<\/title>\n<meta name=\"robots\" content=\"index, follow, max-snippet:-1, max-image-preview:large, max-video-preview:-1\" \/>\n<link rel=\"canonical\" href=\"https:\/\/www.cru-unipol.it\/crearee\/progetto\/\" \/>\n<meta property=\"og:locale\" content=\"it_IT\" \/>\n<meta property=\"og:type\" content=\"article\" \/>\n<meta property=\"og:title\" content=\"Progetto - Crearee\" \/>\n<meta property=\"og:description\" content=\"[vc_row][vc_column width=&#8221;1\/2&#8243;][vc_column_text] Genesi del progetto [\/vc_column_text][\/vc_column][vc_column width=&#8221;1\/2&#8243;][\/vc_column][\/vc_row][vc_row][vc_column width=&#8221;1\/1&#8243;][vc_column_text] Il progetto\u00a0CreAree, promosso dai\u00a0CRU Unipol, \u00e8 nato con l\u2019obiettivo generale di costruire [&hellip;]\" \/>\n<meta property=\"og:url\" content=\"https:\/\/www.cru-unipol.it\/crearee\/progetto\/\" \/>\n<meta property=\"og:site_name\" content=\"Crearee\" \/>\n<meta property=\"article:modified_time\" content=\"2025-05-12T13:38:42+00:00\" \/>\n<meta property=\"og:image\" content=\"http:\/\/www.cru-unipol.it\/crearee\/wp-content\/uploads\/2021\/04\/divider-1.png\" \/>\n<meta name=\"twitter:card\" content=\"summary_large_image\" \/>\n<meta name=\"twitter:label1\" content=\"Tempo di lettura stimato\" \/>\n\t<meta name=\"twitter:data1\" content=\"6 minuti\" \/>\n<script type=\"application\/ld+json\" class=\"yoast-schema-graph\">{\"@context\":\"https:\/\/schema.org\",\"@graph\":[{\"@type\":\"WebSite\",\"@id\":\"https:\/\/www.cru-unipol.it\/crearee\/#website\",\"url\":\"https:\/\/www.cru-unipol.it\/crearee\/\",\"name\":\"Crearee\",\"description\":\" Consigli Regionali Unipol (CRU) - Unipol Assicurazioni\",\"potentialAction\":[{\"@type\":\"SearchAction\",\"target\":{\"@type\":\"EntryPoint\",\"urlTemplate\":\"https:\/\/www.cru-unipol.it\/crearee\/?s={search_term_string}\"},\"query-input\":\"required name=search_term_string\"}],\"inLanguage\":\"it-IT\"},{\"@type\":\"ImageObject\",\"inLanguage\":\"it-IT\",\"@id\":\"https:\/\/www.cru-unipol.it\/crearee\/progetto\/#primaryimage\",\"url\":\"http:\/\/www.cru-unipol.it\/crearee\/wp-content\/uploads\/2021\/04\/divider-1.png\",\"contentUrl\":\"http:\/\/www.cru-unipol.it\/crearee\/wp-content\/uploads\/2021\/04\/divider-1.png\"},{\"@type\":\"WebPage\",\"@id\":\"https:\/\/www.cru-unipol.it\/crearee\/progetto\/\",\"url\":\"https:\/\/www.cru-unipol.it\/crearee\/progetto\/\",\"name\":\"Progetto - Crearee\",\"isPartOf\":{\"@id\":\"https:\/\/www.cru-unipol.it\/crearee\/#website\"},\"primaryImageOfPage\":{\"@id\":\"https:\/\/www.cru-unipol.it\/crearee\/progetto\/#primaryimage\"},\"datePublished\":\"2025-05-12T12:48:02+00:00\",\"dateModified\":\"2025-05-12T13:38:42+00:00\",\"breadcrumb\":{\"@id\":\"https:\/\/www.cru-unipol.it\/crearee\/progetto\/#breadcrumb\"},\"inLanguage\":\"it-IT\",\"potentialAction\":[{\"@type\":\"ReadAction\",\"target\":[\"https:\/\/www.cru-unipol.it\/crearee\/progetto\/\"]}]},{\"@type\":\"BreadcrumbList\",\"@id\":\"https:\/\/www.cru-unipol.it\/crearee\/progetto\/#breadcrumb\",\"itemListElement\":[{\"@type\":\"ListItem\",\"position\":1,\"name\":\"Home\",\"item\":\"https:\/\/www.cru-unipol.it\/crearee\/\"},{\"@type\":\"ListItem\",\"position\":2,\"name\":\"Progetto\"}]}]}<\/script>\n<!-- \/ Yoast SEO plugin. -->","yoast_head_json":{"title":"Progetto - Crearee","robots":{"index":"index","follow":"follow","max-snippet":"max-snippet:-1","max-image-preview":"max-image-preview:large","max-video-preview":"max-video-preview:-1"},"canonical":"https:\/\/www.cru-unipol.it\/crearee\/progetto\/","og_locale":"it_IT","og_type":"article","og_title":"Progetto - Crearee","og_description":"[vc_row][vc_column width=&#8221;1\/2&#8243;][vc_column_text] Genesi del progetto [\/vc_column_text][\/vc_column][vc_column width=&#8221;1\/2&#8243;][\/vc_column][\/vc_row][vc_row][vc_column width=&#8221;1\/1&#8243;][vc_column_text] Il progetto\u00a0CreAree, promosso dai\u00a0CRU Unipol, \u00e8 nato con l\u2019obiettivo generale di costruire [&hellip;]","og_url":"https:\/\/www.cru-unipol.it\/crearee\/progetto\/","og_site_name":"Crearee","article_modified_time":"2025-05-12T13:38:42+00:00","og_image":[{"url":"http:\/\/www.cru-unipol.it\/crearee\/wp-content\/uploads\/2021\/04\/divider-1.png"}],"twitter_card":"summary_large_image","twitter_misc":{"Tempo di lettura stimato":"6 minuti"},"schema":{"@context":"https:\/\/schema.org","@graph":[{"@type":"WebSite","@id":"https:\/\/www.cru-unipol.it\/crearee\/#website","url":"https:\/\/www.cru-unipol.it\/crearee\/","name":"Crearee","description":" Consigli Regionali Unipol (CRU) - Unipol Assicurazioni","potentialAction":[{"@type":"SearchAction","target":{"@type":"EntryPoint","urlTemplate":"https:\/\/www.cru-unipol.it\/crearee\/?s={search_term_string}"},"query-input":"required name=search_term_string"}],"inLanguage":"it-IT"},{"@type":"ImageObject","inLanguage":"it-IT","@id":"https:\/\/www.cru-unipol.it\/crearee\/progetto\/#primaryimage","url":"http:\/\/www.cru-unipol.it\/crearee\/wp-content\/uploads\/2021\/04\/divider-1.png","contentUrl":"http:\/\/www.cru-unipol.it\/crearee\/wp-content\/uploads\/2021\/04\/divider-1.png"},{"@type":"WebPage","@id":"https:\/\/www.cru-unipol.it\/crearee\/progetto\/","url":"https:\/\/www.cru-unipol.it\/crearee\/progetto\/","name":"Progetto - Crearee","isPartOf":{"@id":"https:\/\/www.cru-unipol.it\/crearee\/#website"},"primaryImageOfPage":{"@id":"https:\/\/www.cru-unipol.it\/crearee\/progetto\/#primaryimage"},"datePublished":"2025-05-12T12:48:02+00:00","dateModified":"2025-05-12T13:38:42+00:00","breadcrumb":{"@id":"https:\/\/www.cru-unipol.it\/crearee\/progetto\/#breadcrumb"},"inLanguage":"it-IT","potentialAction":[{"@type":"ReadAction","target":["https:\/\/www.cru-unipol.it\/crearee\/progetto\/"]}]},{"@type":"BreadcrumbList","@id":"https:\/\/www.cru-unipol.it\/crearee\/progetto\/#breadcrumb","itemListElement":[{"@type":"ListItem","position":1,"name":"Home","item":"https:\/\/www.cru-unipol.it\/crearee\/"},{"@type":"ListItem","position":2,"name":"Progetto"}]}]}},"_links":{"self":[{"href":"https:\/\/www.cru-unipol.it\/crearee\/wp-json\/wp\/v2\/pages\/1333","targetHints":{"allow":["GET"]}}],"collection":[{"href":"https:\/\/www.cru-unipol.it\/crearee\/wp-json\/wp\/v2\/pages"}],"about":[{"href":"https:\/\/www.cru-unipol.it\/crearee\/wp-json\/wp\/v2\/types\/page"}],"author":[{"embeddable":true,"href":"https:\/\/www.cru-unipol.it\/crearee\/wp-json\/wp\/v2\/users\/4"}],"replies":[{"embeddable":true,"href":"https:\/\/www.cru-unipol.it\/crearee\/wp-json\/wp\/v2\/comments?post=1333"}],"version-history":[{"count":15,"href":"https:\/\/www.cru-unipol.it\/crearee\/wp-json\/wp\/v2\/pages\/1333\/revisions"}],"predecessor-version":[{"id":1361,"href":"https:\/\/www.cru-unipol.it\/crearee\/wp-json\/wp\/v2\/pages\/1333\/revisions\/1361"}],"wp:attachment":[{"href":"https:\/\/www.cru-unipol.it\/crearee\/wp-json\/wp\/v2\/media?parent=1333"}],"curies":[{"name":"wp","href":"https:\/\/api.w.org\/{rel}","templated":true}]}}